{"id":30946,"date":"2025-06-26T22:51:57","date_gmt":"2025-06-27T01:51:57","guid":{"rendered":"https:\/\/resumopolitico.com.br\/?page_id=30946"},"modified":"2025-06-26T23:15:55","modified_gmt":"2025-06-27T02:15:55","slug":"termos-de-uso","status":"publish","type":"page","link":"https:\/\/resumopolitico.com.br\/?page_id=30946","title":{"rendered":"Termos de Uso"},"content":{"rendered":"\t\t<div data-elementor-type=\"wp-page\" data-elementor-id=\"30946\" class=\"elementor elementor-30946\">\n\t\t\t\t\t\t<section class=\"elementor-section elementor-top-section elementor-element elementor-element-561095d elementor-section-boxed elementor-section-height-default elementor-section-height-default\" data-id=\"561095d\" data-element_type=\"section\" data-e-type=\"section\">\n\t\t\t\t\t\t<div class=\"elementor-container elementor-column-gap-default\">\n\t\t\t\t\t<div class=\"elementor-column elementor-col-100 elementor-top-column elementor-element elementor-element-4321222\" data-id=\"4321222\" data-element_type=\"column\" data-e-type=\"column\">\n\t\t\t<div class=\"elementor-widget-wrap elementor-element-populated\">\n\t\t\t\t\t\t<div class=\"elementor-element elementor-element-1283bae elementor-widget elementor-widget-text-editor\" data-id=\"1283bae\" data-element_type=\"widget\" data-e-type=\"widget\" data-widget_type=\"text-editor.default\">\n\t\t\t\t<div class=\"elementor-widget-container\">\n\t\t\t\t\t\t\t\t\t<h2><span style=\"color: #444444;\">1. Termos<\/span><\/h2><p><span style=\"color: #444444;\">Ao acessar ao site <a href=\"https:\/\/resumopolitico.com.br\/\">Resumo Pol\u00edtico<\/a>, concorda em cumprir estes termos de servi\u00e7o, todas as leis e regulamentos aplic\u00e1veis \u200b\u200be concorda que \u00e9 respons\u00e1vel pelo cumprimento de todas as leis locais aplic\u00e1veis. Se voc\u00ea n\u00e3o concordar com algum desses termos, est\u00e1 proibido de usar ou acessar este site. Os materiais contidos neste site s\u00e3o protegidos pelas leis de direitos autorais e marcas comerciais aplic\u00e1veis.<\/span><\/p><h2><span style=\"color: #444444;\">2. Uso de Licen\u00e7a<\/span><\/h2><p><span style=\"color: #444444;\">\u00c9 concedida permiss\u00e3o para baixar temporariamente uma c\u00f3pia dos materiais (informa\u00e7\u00f5es ou software) no site Resumo Pol\u00edtico , apenas para visualiza\u00e7\u00e3o transit\u00f3ria pessoal e n\u00e3o comercial. Esta \u00e9 a concess\u00e3o de uma licen\u00e7a, n\u00e3o uma transfer\u00eancia de t\u00edtulo e, sob esta licen\u00e7a, voc\u00ea n\u00e3o pode:\u00a0<\/span><\/p><ol><li><span style=\"color: #444444;\">modificar ou copiar os materiais;\u00a0<\/span><\/li><li><span style=\"color: #444444;\">usar os materiais para qualquer finalidade comercial ou para exibi\u00e7\u00e3o p\u00fablica (comercial ou n\u00e3o comercial);\u00a0<\/span><\/li><li><span style=\"color: #444444;\">tentar descompilar ou fazer engenharia reversa de qualquer software contido no site Resumo Pol\u00edtico;\u00a0<\/span><\/li><li><span style=\"color: #444444;\">remover quaisquer direitos autorais ou outras nota\u00e7\u00f5es de propriedade dos materiais; ou\u00a0<\/span><\/li><li><span style=\"color: #444444;\">transferir os materiais para outra pessoa ou &#8216;espelhe&#8217; os materiais em qualquer outro servidor.<\/span><\/li><\/ol><p><span style=\"color: #444444;\">Esta licen\u00e7a ser\u00e1 automaticamente rescindida se voc\u00ea violar alguma dessas restri\u00e7\u00f5es e poder\u00e1 ser rescindida por Resumo Pol\u00edtico a qualquer momento. Ao encerrar a visualiza\u00e7\u00e3o desses materiais ou ap\u00f3s o t\u00e9rmino desta licen\u00e7a, voc\u00ea deve apagar todos os materiais baixados em sua posse, seja em formato eletr\u00f3nico ou impresso.<\/span><\/p><h2><span style=\"color: #444444;\">3. Isen\u00e7\u00e3o de responsabilidade<\/span><\/h2><ol><li><span style=\"color: #444444;\">Os materiais no site da Resumo Pol\u00edtico s\u00e3o fornecidos &#8216;como est\u00e3o&#8217;. Resumo Pol\u00edtico n\u00e3o oferece garantias, expressas ou impl\u00edcitas, e, por este meio, isenta e nega todas as outras garantias, incluindo, sem limita\u00e7\u00e3o, garantias impl\u00edcitas ou condi\u00e7\u00f5es de comercializa\u00e7\u00e3o, adequa\u00e7\u00e3o a um fim espec\u00edfico ou n\u00e3o viola\u00e7\u00e3o de propriedade intelectual ou outra viola\u00e7\u00e3o de direitos.<\/span><\/li><li><span style=\"color: #444444;\">Al\u00e9m disso, o Resumo Pol\u00edtico n\u00e3o garante ou faz qualquer representa\u00e7\u00e3o relativa \u00e0 precis\u00e3o, aos resultados prov\u00e1veis \u200b\u200bou \u00e0 confiabilidade do uso dos materiais em seu site ou de outra forma relacionado a esses materiais ou em sites vinculados a este site.<\/span><\/li><\/ol><h2><span style=\"color: #444444;\">4. Limita\u00e7\u00f5es<\/span><\/h2><p><span style=\"color: #444444;\">Em nenhum caso o Resumo Pol\u00edtico ou seus fornecedores ser\u00e3o respons\u00e1veis \u200b\u200bpor quaisquer danos (incluindo, sem limita\u00e7\u00e3o, danos por perda de dados ou lucro ou devido a interrup\u00e7\u00e3o dos neg\u00f3cios) decorrentes do uso ou da incapacidade de usar os materiais em Resumo Pol\u00edtico, mesmo que Resumo Pol\u00edtico ou um representante autorizado da Resumo Pol\u00edtico tenha sido notificado oralmente ou por escrito da possibilidade de tais danos. Como algumas jurisdi\u00e7\u00f5es n\u00e3o permitem limita\u00e7\u00f5es em garantias impl\u00edcitas, ou limita\u00e7\u00f5es de responsabilidade por danos conseq\u00fcentes ou incidentais, essas limita\u00e7\u00f5es podem n\u00e3o se aplicar a voc\u00ea.<\/span><\/p><h2><span style=\"color: #444444;\">5. Precis\u00e3o dos materiais<\/span><\/h2><p><span style=\"color: #444444;\">Os materiais exibidos no site da Resumo Pol\u00edtico podem incluir erros t\u00e9cnicos, tipogr\u00e1ficos ou fotogr\u00e1ficos. Resumo Pol\u00edtico n\u00e3o garante que qualquer material em seu site seja preciso, completo ou atual. Resumo Pol\u00edtico pode fazer altera\u00e7\u00f5es nos materiais contidos em seu site a qualquer momento, sem aviso pr\u00e9vio. No entanto, Resumo Pol\u00edtico n\u00e3o se compromete a atualizar os materiais.<\/span><\/p><h2><span style=\"color: #444444;\">6. Links<\/span><\/h2><p><span style=\"color: #444444;\">O Resumo Pol\u00edtico n\u00e3o analisou todos os sites vinculados ao seu site e n\u00e3o \u00e9 respons\u00e1vel pelo conte\u00fado de nenhum site vinculado. A inclus\u00e3o de qualquer link n\u00e3o implica endosso por Resumo Pol\u00edtico do site. O uso de qualquer site vinculado \u00e9 por conta e risco do usu\u00e1rio.<\/span><\/p><h3><span style=\"color: #444444;\">Modifica\u00e7\u00f5es<\/span><\/h3><p><span style=\"color: #444444;\">O Resumo Pol\u00edtico pode revisar estes termos de servi\u00e7o do site a qualquer momento, sem aviso pr\u00e9vio. Ao usar este site, voc\u00ea concorda em ficar vinculado \u00e0 vers\u00e3o atual desses termos de servi\u00e7o.<\/span><\/p><h3><span style=\"color: #444444;\">Lei aplic\u00e1vel<\/span><\/h3><p><span style=\"color: #444444;\">Estes termos e condi\u00e7\u00f5es s\u00e3o regidos e interpretados de acordo com as leis do Resumo Pol\u00edtico e voc\u00ea se submete irrevogavelmente \u00e0 jurisdi\u00e7\u00e3o exclusiva dos tribunais naquele estado ou localidade.<\/span><\/p>\t\t\t\t\t\t\t\t<\/div>\n\t\t\t\t<\/div>\n\t\t\t\t\t<\/div>\n\t\t<\/div>\n\t\t\t\t\t<\/div>\n\t\t<\/section>\n\t\t\t\t<\/div>\n\t\t","protected":false},"excerpt":{"rendered":"<p>1. Termos Ao acessar ao site Resumo Pol\u00edtico, concorda em cumprir estes termos de servi\u00e7o, todas as leis e regulamentos aplic\u00e1veis \u200b\u200be concorda que \u00e9 respons\u00e1vel pelo cumprimento de todas as leis locais aplic\u00e1veis. Se voc\u00ea n\u00e3o concordar com algum desses termos, est\u00e1 proibido de usar ou acessar este site. Os materiais contidos neste site [&hellip;]<\/p>\n","protected":false},"author":1,"featured_media":0,"parent":0,"menu_order":0,"comment_status":"closed","ping_status":"closed","template":"","meta":{"_monsterinsights_skip_tracking":false,"_monsterinsights_sitenote_active":false,"_monsterinsights_sitenote_note":"","_monsterinsights_sitenote_category":0,"footnotes":""},"class_list":["post-30946","page","type-page","status-publish","hentry"],"yoast_head":"<!-- This site is optimized with the Yoast SEO plugin v27.3 - https:\/\/yoast.com\/product\/yoast-seo-wordpress\/ -->\n<title>Termos de Uso - Resumo Pol\u00edtico<\/title>\n<meta name=\"robots\" content=\"index, follow, max-snippet:-1, max-image-preview:large, max-video-preview:-1\" \/>\n<link rel=\"canonical\" href=\"https:\/\/resumopolitico.com.br\/?page_id=30946\" \/>\n<meta property=\"og:locale\" content=\"pt_BR\" \/>\n<meta property=\"og:type\" content=\"article\" \/>\n<meta property=\"og:title\" content=\"Termos de Uso - Resumo Pol\u00edtico\" \/>\n<meta property=\"og:description\" content=\"1. Termos Ao acessar ao site Resumo Pol\u00edtico, concorda em cumprir estes termos de servi\u00e7o, todas as leis e regulamentos aplic\u00e1veis \u200b\u200be concorda que \u00e9 respons\u00e1vel pelo cumprimento de todas as leis locais aplic\u00e1veis. Se voc\u00ea n\u00e3o concordar com algum desses termos, est\u00e1 proibido de usar ou acessar este site. Os materiais contidos neste site [&hellip;]\" \/>\n<meta property=\"og:url\" content=\"https:\/\/resumopolitico.com.br\/?page_id=30946\" \/>\n<meta property=\"og:site_name\" content=\"Resumo Pol\u00edtico\" \/>\n<meta property=\"article:modified_time\" content=\"2025-06-27T02:15:55+00:00\" \/>\n<meta name=\"twitter:card\" content=\"summary_large_image\" \/>\n<meta name=\"twitter:label1\" content=\"Est. tempo de leitura\" \/>\n\t<meta name=\"twitter:data1\" content=\"4 minutos\" \/>\n<script type=\"application\/ld+json\" class=\"yoast-schema-graph\">{\"@context\":\"https:\\\/\\\/schema.org\",\"@graph\":[{\"@type\":\"WebPage\",\"@id\":\"https:\\\/\\\/resumopolitico.com.br\\\/?page_id=30946\",\"url\":\"https:\\\/\\\/resumopolitico.com.br\\\/?page_id=30946\",\"name\":\"Termos de Uso - Resumo Pol\u00edtico\",\"isPartOf\":{\"@id\":\"https:\\\/\\\/resumopolitico.com.br\\\/#website\"},\"datePublished\":\"2025-06-27T01:51:57+00:00\",\"dateModified\":\"2025-06-27T02:15:55+00:00\",\"breadcrumb\":{\"@id\":\"https:\\\/\\\/resumopolitico.com.br\\\/?page_id=30946#breadcrumb\"},\"inLanguage\":\"pt-BR\",\"potentialAction\":[{\"@type\":\"ReadAction\",\"target\":[\"https:\\\/\\\/resumopolitico.com.br\\\/?page_id=30946\"]}]},{\"@type\":\"BreadcrumbList\",\"@id\":\"https:\\\/\\\/resumopolitico.com.br\\\/?page_id=30946#breadcrumb\",\"itemListElement\":[{\"@type\":\"ListItem\",\"position\":1,\"name\":\"In\u00edcio\",\"item\":\"https:\\\/\\\/resumopolitico.com.br\\\/\"},{\"@type\":\"ListItem\",\"position\":2,\"name\":\"Termos de Uso\"}]},{\"@type\":\"WebSite\",\"@id\":\"https:\\\/\\\/resumopolitico.com.br\\\/#website\",\"url\":\"https:\\\/\\\/resumopolitico.com.br\\\/\",\"name\":\"Resumo Pol\u00edtico\",\"description\":\"Resumo Pol\u00edtico\",\"potentialAction\":[{\"@type\":\"SearchAction\",\"target\":{\"@type\":\"EntryPoint\",\"urlTemplate\":\"https:\\\/\\\/resumopolitico.com.br\\\/?s={search_term_string}\"},\"query-input\":{\"@type\":\"PropertyValueSpecification\",\"valueRequired\":true,\"valueName\":\"search_term_string\"}}],\"inLanguage\":\"pt-BR\"}]}<\/script>\n<!-- \/ Yoast SEO plugin. -->","yoast_head_json":{"title":"Termos de Uso - Resumo Pol\u00edtico","robots":{"index":"index","follow":"follow","max-snippet":"max-snippet:-1","max-image-preview":"max-image-preview:large","max-video-preview":"max-video-preview:-1"},"canonical":"https:\/\/resumopolitico.com.br\/?page_id=30946","og_locale":"pt_BR","og_type":"article","og_title":"Termos de Uso - Resumo Pol\u00edtico","og_description":"1. Termos Ao acessar ao site Resumo Pol\u00edtico, concorda em cumprir estes termos de servi\u00e7o, todas as leis e regulamentos aplic\u00e1veis \u200b\u200be concorda que \u00e9 respons\u00e1vel pelo cumprimento de todas as leis locais aplic\u00e1veis. Se voc\u00ea n\u00e3o concordar com algum desses termos, est\u00e1 proibido de usar ou acessar este site. Os materiais contidos neste site [&hellip;]","og_url":"https:\/\/resumopolitico.com.br\/?page_id=30946","og_site_name":"Resumo Pol\u00edtico","article_modified_time":"2025-06-27T02:15:55+00:00","twitter_card":"summary_large_image","twitter_misc":{"Est. tempo de leitura":"4 minutos"},"schema":{"@context":"https:\/\/schema.org","@graph":[{"@type":"WebPage","@id":"https:\/\/resumopolitico.com.br\/?page_id=30946","url":"https:\/\/resumopolitico.com.br\/?page_id=30946","name":"Termos de Uso - Resumo Pol\u00edtico","isPartOf":{"@id":"https:\/\/resumopolitico.com.br\/#website"},"datePublished":"2025-06-27T01:51:57+00:00","dateModified":"2025-06-27T02:15:55+00:00","breadcrumb":{"@id":"https:\/\/resumopolitico.com.br\/?page_id=30946#breadcrumb"},"inLanguage":"pt-BR","potentialAction":[{"@type":"ReadAction","target":["https:\/\/resumopolitico.com.br\/?page_id=30946"]}]},{"@type":"BreadcrumbList","@id":"https:\/\/resumopolitico.com.br\/?page_id=30946#breadcrumb","itemListElement":[{"@type":"ListItem","position":1,"name":"In\u00edcio","item":"https:\/\/resumopolitico.com.br\/"},{"@type":"ListItem","position":2,"name":"Termos de Uso"}]},{"@type":"WebSite","@id":"https:\/\/resumopolitico.com.br\/#website","url":"https:\/\/resumopolitico.com.br\/","name":"Resumo Pol\u00edtico","description":"Resumo Pol\u00edtico","potentialAction":[{"@type":"SearchAction","target":{"@type":"EntryPoint","urlTemplate":"https:\/\/resumopolitico.com.br\/?s={search_term_string}"},"query-input":{"@type":"PropertyValueSpecification","valueRequired":true,"valueName":"search_term_string"}}],"inLanguage":"pt-BR"}]}},"_links":{"self":[{"href":"https:\/\/resumopolitico.com.br\/index.php?rest_route=\/wp\/v2\/pages\/30946","targetHints":{"allow":["GET"]}}],"collection":[{"href":"https:\/\/resumopolitico.com.br\/index.php?rest_route=\/wp\/v2\/pages"}],"about":[{"href":"https:\/\/resumopolitico.com.br\/index.php?rest_route=\/wp\/v2\/types\/page"}],"author":[{"embeddable":true,"href":"https:\/\/resumopolitico.com.br\/index.php?rest_route=\/wp\/v2\/users\/1"}],"replies":[{"embeddable":true,"href":"https:\/\/resumopolitico.com.br\/index.php?rest_route=%2Fwp%2Fv2%2Fcomments&post=30946"}],"version-history":[{"count":4,"href":"https:\/\/resumopolitico.com.br\/index.php?rest_route=\/wp\/v2\/pages\/30946\/revisions"}],"predecessor-version":[{"id":30953,"href":"https:\/\/resumopolitico.com.br\/index.php?rest_route=\/wp\/v2\/pages\/30946\/revisions\/30953"}],"wp:attachment":[{"href":"https:\/\/resumopolitico.com.br\/index.php?rest_route=%2Fwp%2Fv2%2Fmedia&parent=30946"}],"curies":[{"name":"wp","href":"https:\/\/api.w.org\/{rel}","templated":true}]}}